{"id":308,"date":"2020-01-23T18:21:52","date_gmt":"2020-01-23T18:21:52","guid":{"rendered":"https:\/\/demosites.io\/web-agency-gb\/?page_id=61"},"modified":"2022-06-10T14:38:40","modified_gmt":"2022-06-10T11:38:40","slug":"15c42-web-agency-gb-about-us","status":"publish","type":"page","link":"https:\/\/www.timsahtasarim.com\/index.php\/15c42-web-agency-gb-about-us\/","title":{"rendered":"Biz"},"content":{"rendered":"\n<div class=\"wp-block-cover alignfull has-nv-site-bg-background-color has-background-dim\" style=\"min-height:300px\"><div class=\"wp-block-cover__inner-container is-layout-flow wp-block-cover-is-layout-flow\">\n<div class=\"wp-block-group is-layout-flow wp-block-group-is-layout-flow\"><div class=\"wp-block-group__inner-container\">\n<h1 class=\"has-text-align-left has-neve-text-color-color has-text-color wp-block-heading\">Biz<\/h1>\n<\/div><\/div>\n<\/div><\/div>\n\n\n\n<div class=\"wp-block-cover alignfull has-nv-light-bg-background-color has-background-dim\" style=\"min-height:600px\"><div class=\"wp-block-cover__inner-container is-layout-flow wp-block-cover-is-layout-flow\">\n<div class=\"wp-block-group is-layout-flow wp-block-group-is-layout-flow\"><div class=\"wp-block-group__inner-container\">\n<div style=\"height:80px\" aria-hidden=\"true\" class=\"wp-block-spacer\"><\/div>\n\n\n\n<div class=\"wp-block-columns are-vertically-aligned-center is-layout-flex wp-container-core-columns-layout-1 wp-block-columns-is-layout-flex\">\n<div class=\"wp-block-column is-vertically-aligned-center is-layout-flow wp-block-column-is-layout-flow\" style=\"flex-basis:50%\">\n<figure class=\"wp-block-image size-full\"><img decoding=\"async\" src=\"https:\/\/www.timsahtasarim.com\/wp-content\/uploads\/2021\/09\/cropped-unnamed-1.png\" alt=\"\" class=\"wp-image-149\"\/><\/figure>\n<\/div>\n\n\n\n<div class=\"wp-block-column is-vertically-aligned-center is-layout-flow wp-block-column-is-layout-flow\" style=\"flex-basis:50%\">\n<h2 class=\"has-neve-text-color-color has-text-color wp-block-heading\"><font style=\"vertical-align: inherit;\"><font style=\"vertical-align: inherit;\">Biz<\/font><\/font>i<font style=\"vertical-align: inherit;\"><font style=\"vertical-align: inherit;\">m hikayemiz<\/font><\/font><\/h2>\n\n\n\n<p class=\"has-neve-text-color-color has-text-color\">      TimSah Tasar\u0131m; T\u00fcrkTasarlar ve Timsah \u00c7ocuk olarak b\u00fcnyesinde iki marka bar\u0131nd\u0131rmaktad\u0131r.B\u00fcnyesindeki markalarla; Fikir-Tasar\u0131m-Uygulama hizmetleri ve \u00c7ocuklar i\u00e7in e\u011fitici setler tasarlamaktad\u0131r.<\/p>\n\n\n\n<p class=\"has-neve-text-color-color has-text-color\">      T\u00fcrkTasarlar; Fikir, yarat\u0131c\u0131l\u0131k, g\u00f6rsellik, tasar\u0131m, i\u015flevsellik, estetik, deneyim ve uygulamay\u0131 i\u00e7inde bar\u0131nd\u0131r\u0131p tasar\u0131m yapmaktad\u0131r.<\/p>\n\n\n\n<p class=\"has-neve-text-color-color has-text-color\">       Timsah \u00c7ocuk; \u00c7ocuklar i\u00e7in e\u011fitici-\u00f6\u011fretici e\u011fitim setleri tasarlay\u0131p \u00fcretmektedir.<\/p>\n<\/div>\n<\/div>\n\n\n\n<div style=\"height:40px\" aria-hidden=\"true\" class=\"wp-block-spacer\"><\/div>\n<\/div><\/div>\n<\/div><\/div>\n","protected":false},"excerpt":{"rendered":"","protected":false},"author":1,"featured_media":0,"parent":0,"menu_order":0,"comment_status":"closed","ping_status":"closed","template":"","meta":{"neve_meta_sidebar":"default","neve_meta_container":"default","neve_meta_enable_content_width":"on","neve_meta_content_width":100,"neve_meta_title_alignment":"","neve_meta_author_avatar":"","neve_post_elements_order":"","neve_meta_disable_header":"","neve_meta_disable_footer":"","neve_meta_disable_title":"on","_ti_tpc_template_sync":false,"_ti_tpc_template_id":"0qhau2t6eoekosrgo1a2","footnotes":""},"_links":{"self":[{"href":"https:\/\/www.timsahtasarim.com\/index.php\/wp-json\/wp\/v2\/pages\/308"}],"collection":[{"href":"https:\/\/www.timsahtasarim.com\/index.php\/wp-json\/wp\/v2\/pages"}],"about":[{"href":"https:\/\/www.timsahtasarim.com\/index.php\/wp-json\/wp\/v2\/types\/page"}],"author":[{"embeddable":true,"href":"https:\/\/www.timsahtasarim.com\/index.php\/wp-json\/wp\/v2\/users\/1"}],"replies":[{"embeddable":true,"href":"https:\/\/www.timsahtasarim.com\/index.php\/wp-json\/wp\/v2\/comments?post=308"}],"version-history":[{"count":7,"href":"https:\/\/www.timsahtasarim.com\/index.php\/wp-json\/wp\/v2\/pages\/308\/revisions"}],"predecessor-version":[{"id":408,"href":"https:\/\/www.timsahtasarim.com\/index.php\/wp-json\/wp\/v2\/pages\/308\/revisions\/408"}],"wp:attachment":[{"href":"https:\/\/www.timsahtasarim.com\/index.php\/wp-json\/wp\/v2\/media?parent=308"}],"curies":[{"name":"wp","href":"https:\/\/api.w.org\/{rel}","templated":true}]}}