{"id":5,"date":"2020-01-13T11:17:52","date_gmt":"2020-01-13T11:17:52","guid":{"rendered":"https:\/\/demosites.io\/web-agency-gb\/?page_id=5"},"modified":"2022-06-10T14:55:51","modified_gmt":"2022-06-10T11:55:51","slug":"15c42-web-agency-gb-home","status":"publish","type":"page","link":"https:\/\/www.timsahtasarim.com\/","title":{"rendered":"Home"},"content":{"rendered":"\n<div class=\"wp-block-cover alignfull\" style=\"min-height:700px\"><img loading=\"lazy\" decoding=\"async\" width=\"1920\" height=\"1080\" class=\"wp-block-cover__image-background wp-image-245\" alt=\"\" src=\"https:\/\/www.timsahtasarim.com\/wp-content\/uploads\/2021\/12\/TimsahTasarim_WebArkaPlan2.png\" style=\"object-position:50% 64%\" data-object-fit=\"cover\" data-object-position=\"50% 64%\" srcset=\"https:\/\/www.timsahtasarim.com\/wp-content\/uploads\/2021\/12\/TimsahTasarim_WebArkaPlan2.png 1920w, https:\/\/www.timsahtasarim.com\/wp-content\/uploads\/2021\/12\/TimsahTasarim_WebArkaPlan2-300x169.png 300w, https:\/\/www.timsahtasarim.com\/wp-content\/uploads\/2021\/12\/TimsahTasarim_WebArkaPlan2-1024x576.png 1024w, https:\/\/www.timsahtasarim.com\/wp-content\/uploads\/2021\/12\/TimsahTasarim_WebArkaPlan2-768x432.png 768w, https:\/\/www.timsahtasarim.com\/wp-content\/uploads\/2021\/12\/TimsahTasarim_WebArkaPlan2-1536x864.png 1536w\" sizes=\"(max-width: 1920px) 100vw, 1920px\" \/><div class=\"wp-block-cover__inner-container is-layout-flow wp-block-cover-is-layout-flow\">\n<div style=\"height:80px\" aria-hidden=\"true\" class=\"wp-block-spacer\"><\/div>\n\n\n\n<h1 class=\"has-text-align-center has-text-color\" style=\"color: #121212;\"><span style=\"vertical-align: inherit;\"><p><\/p>\n<p><\/p>\n<p><\/p><\/span><\/h1>\n\n\n\n<p class=\"has-text-align-center has-text-color\" style=\"color:#121212;font-size:17px\"><\/p>\n\n\n\n<div class=\"wp-block-buttons is-content-justification-center is-layout-flex wp-block-buttons-is-layout-flex\">\n<div class=\"wp-block-button is-style-primary\"><a class=\"wp-block-button__link\" href=\"https:\/\/turktasarlar.com\" target=\"_blank\" rel=\"noreferrer noopener\">T\u00dcRK TASARLAR<\/a><\/div>\n\n\n\n<div class=\"wp-block-button is-style-default\"><a class=\"wp-block-button__link has-text-color has-background\" href=\"https:\/\/www.timsahcocuk.com\" style=\"background-color:#7109a4;color:#ffffff\" target=\"_blank\" rel=\"noreferrer noopener\"><font style=\"vertical-align: inherit;\"><font style=\"vertical-align: inherit;\">T\u0130MSAH \u00c7OCUK<\/font><\/font><\/a><\/div>\n<\/div>\n\n\n\n<div style=\"height:80px\" aria-hidden=\"true\" class=\"wp-block-spacer\"><\/div>\n\n\n\n<div style=\"height:80px\" aria-hidden=\"true\" class=\"wp-block-spacer\"><\/div>\n\n\n\n<p><\/p>\n<\/div><\/div>\n\n\n\n<div style=\"height:80px\" aria-hidden=\"true\" class=\"wp-block-spacer\"><\/div>\n\n\n\n<div class=\"wp-block-columns is-layout-flex wp-container-core-columns-layout-1 wp-block-columns-is-layout-flex\">\n<div class=\"wp-block-column is-layout-flow wp-block-column-is-layout-flow\">\n<div class=\"wp-block-image icon-style is-style-rounded\"><figure class=\"aligncenter size-large\"><img loading=\"lazy\" decoding=\"async\" width=\"72\" height=\"72\" src=\"https:\/\/www.timsahtasarim.com\/wp-content\/uploads\/2020\/01\/neve-webdesign-GB-03.png\" alt=\"\" class=\"wp-image-20\" title=\"\"\/><\/figure><\/div>\n\n\n\n<h3 class=\"has-text-align-center has-neve-text-color-color has-text-color wp-block-heading\"><font style=\"vertical-align: inherit;\"><font style=\"vertical-align: inherit;\">Fikir<\/font><\/font><\/h3>\n\n\n\n<p class=\"has-text-align-center\"><font style=\"vertical-align: inherit;\"><font style=\"vertical-align: inherit;\">Sizin i\u00e7in d\u00fc\u015f\u00fcnelim.<\/font><\/font><\/p>\n\n\n\n<div style=\"height:20px\" aria-hidden=\"true\" class=\"wp-block-spacer\"><\/div>\n<\/div>\n\n\n\n<div class=\"wp-block-column is-layout-flow wp-block-column-is-layout-flow\">\n<div class=\"wp-block-image icon-style is-style-rounded\"><figure class=\"aligncenter size-large\"><img loading=\"lazy\" decoding=\"async\" width=\"72\" height=\"72\" src=\"https:\/\/www.timsahtasarim.com\/wp-content\/uploads\/2020\/01\/neve-webdesign-GB-04.png\" alt=\"\" class=\"wp-image-21\"\/><\/figure><\/div>\n\n\n\n<h3 class=\"has-text-align-center has-neve-text-color-color has-text-color wp-block-heading\"><font style=\"vertical-align: inherit;\"><font style=\"vertical-align: inherit;\">Tasar\u0131m<\/font><\/font><\/h3>\n\n\n\n<p class=\"has-text-align-center\"><font style=\"vertical-align: inherit;\"><font style=\"vertical-align: inherit;\">Sizin i\u00e7in tasarlayal\u0131m.<\/font><\/font><\/p>\n\n\n\n<div style=\"height:20px\" aria-hidden=\"true\" class=\"wp-block-spacer\"><\/div>\n<\/div>\n\n\n\n<div class=\"wp-block-column is-layout-flow wp-block-column-is-layout-flow\">\n<div class=\"wp-block-image icon-style is-style-rounded\"><figure class=\"aligncenter size-large\"><img loading=\"lazy\" decoding=\"async\" width=\"72\" height=\"72\" src=\"https:\/\/www.timsahtasarim.com\/wp-content\/uploads\/2020\/01\/neve-webdesign-GB-01.png\" alt=\"\" class=\"wp-image-18\"\/><\/figure><\/div>\n\n\n\n<h3 class=\"has-text-align-center has-neve-text-color-color has-text-color wp-block-heading\"><font style=\"vertical-align: inherit;\"><font style=\"vertical-align: inherit;\">Proje<\/font><\/font><\/h3>\n\n\n\n<p class=\"has-text-align-center\"><font style=\"vertical-align: inherit;\"><font style=\"vertical-align: inherit;\">Sizin i\u00e7in projelendirelim.<\/font><\/font><\/p>\n\n\n\n<div style=\"height:20px\" aria-hidden=\"true\" class=\"wp-block-spacer\"><\/div>\n<\/div>\n<\/div>\n\n\n\n<div style=\"height:80px\" aria-hidden=\"true\" class=\"wp-block-spacer\"><\/div>\n\n\n\n<div class=\"wp-block-cover alignfull has-nv-light-bg-background-color has-background-dim\" style=\"min-height:600px\"><div class=\"wp-block-cover__inner-container is-layout-flow wp-block-cover-is-layout-flow\">\n<div class=\"wp-block-group is-layout-flow wp-block-group-is-layout-flow\"><div class=\"wp-block-group__inner-container\">\n<div style=\"height:80px\" aria-hidden=\"true\" class=\"wp-block-spacer\"><\/div>\n\n\n\n<div class=\"wp-block-columns are-vertically-aligned-top is-layout-flex wp-container-core-columns-layout-2 wp-block-columns-is-layout-flex\">\n<div class=\"wp-block-column is-vertically-aligned-top is-layout-flow wp-block-column-is-layout-flow\" style=\"flex-basis:50%\">\n<p><\/p>\n\n\n\n<div class=\"wp-block-image\"><figure class=\"aligncenter size-large is-resized\"><img loading=\"lazy\" decoding=\"async\" src=\"https:\/\/www.timsahtasarim.com\/wp-content\/uploads\/2022\/06\/logobu\u0308yu\u0308k-1024x683.png\" alt=\"\" class=\"wp-image-377\" width=\"442\" height=\"294\"\/><\/figure><\/div>\n<\/div>\n\n\n\n<div class=\"wp-block-column is-vertically-aligned-top is-layout-flow wp-block-column-is-layout-flow\" style=\"flex-basis:50%\">\n<h2 class=\"has-text-align-left has-neve-text-color-color has-text-color wp-block-heading\"><\/h2>\n\n\n\n<div style=\"height:20px\" aria-hidden=\"true\" class=\"wp-block-spacer\"><\/div>\n\n\n\n<p class=\"has-text-align-left has-neve-text-color-color has-text-color\" style=\"font-size:17px\"><font style=\"vertical-align: inherit;\"><font style=\"vertical-align: inherit;\">T\u00fcrkTasarlar bir TimSah Tasar\u0131m markas\u0131 olarak; Fikir, yarat\u0131c\u0131l\u0131k, g\u00f6rsellik, tasar\u0131m, i\u015flevsellik, estetik, deneyim ve uygulamay\u0131 i\u00e7inde bar\u0131nd\u0131r\u0131r. Marka ismi kendi toplumumuz taraf\u0131ndan yarat\u0131lan \u00f6nyarg\u0131lar\u0131 k\u0131rmak \u00fczere ortaya \u00e7\u0131km\u0131\u015ft\u0131r. As\u0131l amac\u0131m\u0131z; milletimizin kendi insan\u0131na olan \u00f6n yarg\u0131lar\u0131n\u0131 pozitife \u00e7evirebilece\u011fi ve bu kollektif sekt\u00f6rde parlak insanlar\u0131n varoldu\u011fu bilgisini d\u00fcnyaya yayabilecek bir platform olu\u015fturmak. Bu platformla beraber farkl\u0131 disiplinlerin birlikte \u00e7al\u0131\u015farak \u00fcr\u00fcn ve g\u00f6rsel tasar\u0131mda sekt\u00f6re yeni bir soluk getirebilece\u011fimize inan\u0131yoruz. T\u00fcrk Tasarlar Fikir &#8211; Tasar\u0131m &#8211; Uygulama hizmetleri sunar.<\/font><\/font><\/p>\n\n\n\n<div class=\"wp-block-buttons is-content-justification-left is-layout-flex wp-block-buttons-is-layout-flex\">\n<div class=\"wp-block-button is-style-primary\"><a class=\"wp-block-button__link\" href=\"https:\/\/turktasarlar.com\" target=\"_blank\" rel=\"noreferrer noopener\"><font style=\"vertical-align: inherit;\"><font style=\"vertical-align: inherit;\">DAHA FAZLA B\u0130LG\u0130 ED\u0130N<\/font><\/font><\/a><\/div>\n<\/div>\n<\/div>\n<\/div>\n\n\n\n<div style=\"height:40px\" aria-hidden=\"true\" class=\"wp-block-spacer\"><\/div>\n\n\n\n<p><\/p>\n<\/div><\/div>\n<\/div><\/div>\n\n\n\n<div class=\"wp-block-cover alignfull has-nv-site-bg-background-color has-background-dim\" style=\"min-height:600px\"><div class=\"wp-block-cover__inner-container is-layout-flow wp-block-cover-is-layout-flow\">\n<div class=\"wp-block-group is-layout-flow wp-block-group-is-layout-flow\"><div class=\"wp-block-group__inner-container\">\n<div style=\"height:80px\" aria-hidden=\"true\" class=\"wp-block-spacer\"><\/div>\n\n\n\n<div class=\"wp-block-columns is-layout-flex wp-container-core-columns-layout-3 wp-block-columns-is-layout-flex\">\n<div class=\"wp-block-column is-layout-flow wp-block-column-is-layout-flow\" style=\"flex-basis:50%\">\n<h2 class=\"has-text-align-left has-neve-text-color-color has-text-color wp-block-heading\"><\/h2>\n\n\n\n<p class=\"has-text-align-left has-neve-text-color-color has-text-color\" style=\"font-size:17px\"><font style=\"vertical-align: inherit;\"><font style=\"vertical-align: inherit;\">Timsah \u00c7ocuk tasar\u0131mc\u0131 ekibimizin yeni do\u011fan ve d\u00fcnyay\u0131 yeni ke\u015ffetmekte olan \u00e7ocuklar\u0131n masif ve % 100 pamuk materyallerden olu\u015fan e\u011fitici-\u00f6\u011fretici oyun setleriyle \u00e7ocuklar\u0131n geli\u015fimine katk\u0131da bulunup sonraki nesillere aktarabilece\u011fi \u00fcr\u00fcnler tasarlamaktay\u0131z.<\/font><\/font><\/p>\n\n\n\n<div style=\"height:40px\" aria-hidden=\"true\" class=\"wp-block-spacer\"><\/div>\n\n\n\n<div class=\"wp-block-buttons is-content-justification-left is-layout-flex wp-block-buttons-is-layout-flex\">\n<div class=\"wp-block-button is-style-primary\"><a class=\"wp-block-button__link\" href=\"https:\/\/www.timsahcocuk.com\" target=\"_blank\" rel=\"noreferrer noopener\"><font style=\"vertical-align: inherit;\"><font style=\"vertical-align: inherit;\">DAHA FAZLA B\u0130LG\u0130 ED\u0130N<\/font><\/font><\/a><\/div>\n<\/div>\n<\/div>\n\n\n\n<div class=\"wp-block-column is-layout-flow wp-block-column-is-layout-flow\" style=\"flex-basis:50%\">\n<figure class=\"wp-block-image size-large\"><img loading=\"lazy\" decoding=\"async\" width=\"1024\" height=\"324\" src=\"https:\/\/www.timsahtasarim.com\/wp-content\/uploads\/2022\/06\/TimsahC_2022WebLogo_1920X796-1024x324.png\" alt=\"\" class=\"wp-image-378\" srcset=\"https:\/\/www.timsahtasarim.com\/wp-content\/uploads\/2022\/06\/TimsahC_2022WebLogo_1920X796-1024x324.png 1024w, https:\/\/www.timsahtasarim.com\/wp-content\/uploads\/2022\/06\/TimsahC_2022WebLogo_1920X796-300x95.png 300w, https:\/\/www.timsahtasarim.com\/wp-content\/uploads\/2022\/06\/TimsahC_2022WebLogo_1920X796-768x243.png 768w, https:\/\/www.timsahtasarim.com\/wp-content\/uploads\/2022\/06\/TimsahC_2022WebLogo_1920X796.png 1146w\" sizes=\"(max-width: 1024px) 100vw, 1024px\" \/><\/figure>\n<\/div>\n<\/div>\n\n\n\n<div style=\"height:40px\" aria-hidden=\"true\" class=\"wp-block-spacer\"><\/div>\n<\/div><\/div>\n<\/div><\/div>\n\n\n\n<div class=\"wp-block-cover alignfull has-nv-dark-bg-background-color has-background-dim\" style=\"min-height:300px\"><div class=\"wp-block-cover__inner-container is-layout-flow wp-block-cover-is-layout-flow\">\n<div style=\"height:140px\" aria-hidden=\"true\" class=\"wp-block-spacer\"><\/div>\n\n\n\n<h2 class=\"has-text-align-center has-nv-text-dark-bg-color has-text-color wp-block-heading\"><font style=\"vertical-align: inherit;\"><br><font style=\"vertical-align: inherit;\"><font style=\"vertical-align: inherit;\">Bir sonraki projenizde birlikte \u00e7al\u0131\u015fal\u0131m<\/font><\/font><\/h2>\n\n\n\n<p class=\"has-text-align-center\"><font style=\"vertical-align: inherit;\"><font style=\"vertical-align: inherit;\">Tasar\u0131ma ihtiyac\u0131n\u0131z varsa T\u00fcrkTasarlar \/ Oyun ve E\u011fitim Setlerine ihtiyac\u0131n\u0131z varsa Timsah \u00c7ocuk <\/font><\/font><\/p>\n\n\n\n<div class=\"wp-block-buttons is-content-justification-center is-layout-flex wp-block-buttons-is-layout-flex\">\n<div class=\"wp-block-button is-style-primary\"><a class=\"wp-block-button__link\" href=\"https:\/\/www.timsahtasarim.com\/index.php\/15c42-web-agency-gb-contact-us\/\"><font style=\"vertical-align: inherit;\"><font style=\"vertical-align: inherit;\">DAHA FAZLA B\u0130LG\u0130 ED\u0130N<\/font><\/font><\/a><\/div>\n<\/div>\n\n\n\n<div style=\"height:140px\" aria-hidden=\"true\" class=\"wp-block-spacer\"><\/div>\n<\/div><\/div>\n","protected":false},"excerpt":{"rendered":"<p>Fikir Sizin i\u00e7in d\u00fc\u015f\u00fcnelim. Tasar\u0131m Sizin i\u00e7in tasarlayal\u0131m. Proje Sizin i\u00e7in projelendirelim.<\/p>\n","protected":false},"author":1,"featured_media":0,"parent":0,"menu_order":0,"comment_status":"closed","ping_status":"closed","template":"","meta":{"neve_meta_sidebar":"default","neve_meta_container":"default","neve_meta_enable_content_width":"on","neve_meta_content_width":100,"neve_meta_title_alignment":"","neve_meta_author_avatar":"","neve_post_elements_order":"","neve_meta_disable_header":"","neve_meta_disable_footer":"","neve_meta_disable_title":"on","_ti_tpc_template_sync":false,"_ti_tpc_template_id":"cwhkd9lki581rusuhjti","footnotes":""},"_links":{"self":[{"href":"https:\/\/www.timsahtasarim.com\/index.php\/wp-json\/wp\/v2\/pages\/5"}],"collection":[{"href":"https:\/\/www.timsahtasarim.com\/index.php\/wp-json\/wp\/v2\/pages"}],"about":[{"href":"https:\/\/www.timsahtasarim.com\/index.php\/wp-json\/wp\/v2\/types\/page"}],"author":[{"embeddable":true,"href":"https:\/\/www.timsahtasarim.com\/index.php\/wp-json\/wp\/v2\/users\/1"}],"replies":[{"embeddable":true,"href":"https:\/\/www.timsahtasarim.com\/index.php\/wp-json\/wp\/v2\/comments?post=5"}],"version-history":[{"count":16,"href":"https:\/\/www.timsahtasarim.com\/index.php\/wp-json\/wp\/v2\/pages\/5\/revisions"}],"predecessor-version":[{"id":418,"href":"https:\/\/www.timsahtasarim.com\/index.php\/wp-json\/wp\/v2\/pages\/5\/revisions\/418"}],"wp:attachment":[{"href":"https:\/\/www.timsahtasarim.com\/index.php\/wp-json\/wp\/v2\/media?parent=5"}],"curies":[{"name":"wp","href":"https:\/\/api.w.org\/{rel}","templated":true}]}}